{"id":32,"date":"2020-09-26T13:53:43","date_gmt":"2020-09-26T12:53:43","guid":{"rendered":"https:\/\/sogicsa.wordpress.com\/?page_id=2"},"modified":"2024-01-03T12:35:39","modified_gmt":"2024-01-03T11:35:39","slug":"home-2","status":"publish","type":"page","link":"https:\/\/sogic.eu\/","title":{"rendered":"Bienvenue !"},"content":{"rendered":"<p>SOGIC SA est un cabinet d&rsquo;expertise comptable et fiscale certifi\u00e9 et agr\u00e9\u00e9 par l&rsquo;Institute for Tax Advisors &amp; Accountants (<a href=\"http:\/\/www.itaa.be\">www.itaa.be<\/a>).<\/p>\n<p>Notre soci\u00e9t\u00e9 est dirig\u00e9e depuis plus de 10 ans par <a href=\"https:\/\/www.linkedin.com\/public-profile\/settings?trk=d_flagship3_profile_self_view_public_profile&amp;lipi=urn%3Ali%3Apage%3Ad_flagship3_profile_self_edit_top_card%3BEPj%2BSvdYTmGU4EA8cYYQVg%3D%3D\">Philippe Schmets<\/a>, Expert-comptable et fiscal asserment\u00e9 par le Tribunal de l&rsquo;Entreprise de Li\u00e8ge, titulaire d&rsquo;une licence en Sciences Commerciales et Financi\u00e8res orientation Finance (HEC Li\u00e8ge) et d&rsquo;un D.E.S. en Sciences de Gestion option Analyse, Contr\u00f4le et Revisorat (ULg).<\/p>\n<p>Entour\u00e9 de ses collaborateurs, il mettra ses connaissances, son exp\u00e9rience et sa passion pour son m\u00e9tier au profit de votre activit\u00e9 en vous proposant des <a href=\"https:\/\/sogic.eu\/index.php\/blog\/\">services<\/a> multidisciplinaires de qualit\u00e9.<\/p>\n<p>Nos clients (TPE\/PME) sont actifs dans des secteurs tr\u00e8s vari\u00e9s (construction, immobilier, management, franchises, professions lib\u00e9rales,&#8230;) et pr\u00e9sents en Wallonie, au Luxembourg et dans le Nord de la France.<\/p>\n<p>N&rsquo;h\u00e9sitez pas \u00e0 nous <a href=\"https:\/\/sogic.eu\/index.php\/nous-contacter\/\">contacter<\/a>.<\/p>\n<p>Au plaisir de vous rencontrer !<\/p>\n","protected":false},"excerpt":{"rendered":"<p>SOGIC SA est un cabinet d&rsquo;expertise comptable et fiscale certifi\u00e9 et agr\u00e9\u00e9 par l&rsquo;Institute for Tax Advisors &amp; Accountants (www.itaa.be). Notre soci\u00e9t\u00e9 est dirig\u00e9e depuis plus de 10 ans par Philippe Schmets, Expert-comptable et fiscal asserment\u00e9 par le Tribunal de l&rsquo;Entreprise de Li\u00e8ge, titulaire d&rsquo;une licence en Sciences Commerciales et Financi\u00e8res orientation Finance (HEC Li\u00e8ge) [&hellip;]<\/p>\n","protected":false},"author":1,"featured_media":0,"parent":0,"menu_order":0,"comment_status":"closed","ping_status":"closed","template":"","meta":{"footnotes":""},"class_list":["post-32","page","type-page","status-publish","hentry"],"_links":{"self":[{"href":"https:\/\/sogic.eu\/index.php\/wp-json\/wp\/v2\/pages\/32","targetHints":{"allow":["GET"]}}],"collection":[{"href":"https:\/\/sogic.eu\/index.php\/wp-json\/wp\/v2\/pages"}],"about":[{"href":"https:\/\/sogic.eu\/index.php\/wp-json\/wp\/v2\/types\/page"}],"author":[{"embeddable":true,"href":"https:\/\/sogic.eu\/index.php\/wp-json\/wp\/v2\/users\/1"}],"replies":[{"embeddable":true,"href":"https:\/\/sogic.eu\/index.php\/wp-json\/wp\/v2\/comments?post=32"}],"version-history":[{"count":2,"href":"https:\/\/sogic.eu\/index.php\/wp-json\/wp\/v2\/pages\/32\/revisions"}],"predecessor-version":[{"id":1060,"href":"https:\/\/sogic.eu\/index.php\/wp-json\/wp\/v2\/pages\/32\/revisions\/1060"}],"wp:attachment":[{"href":"https:\/\/sogic.eu\/index.php\/wp-json\/wp\/v2\/media?parent=32"}],"curies":[{"name":"wp","href":"https:\/\/api.w.org\/{rel}","templated":true}]}}